{"id":119,"date":"2026-03-09T06:53:05","date_gmt":"2026-03-09T06:53:05","guid":{"rendered":"https:\/\/ekogrody.com.pl\/?page_id=119"},"modified":"2026-05-11T08:58:18","modified_gmt":"2026-05-11T08:58:18","slug":"kontakt","status":"publish","type":"page","link":"https:\/\/ekogrody.com.pl\/?page_id=119","title":{"rendered":"Kontakt"},"content":{"rendered":"\t\t<div data-elementor-type=\"wp-page\" data-elementor-id=\"119\" class=\"elementor elementor-119\">\n\t\t\t\t<div class=\"elementor-element elementor-element-114c1e9 e-grid e-con-boxed e-con e-parent\" data-id=\"114c1e9\" data-element_type=\"container\" data-e-type=\"container\" data-settings=\"{&quot;background_background&quot;:&quot;classic&quot;}\">\n\t\t\t\t\t<div class=\"e-con-inner\">\n\t\t\t\t<div class=\"elementor-element elementor-element-39f6977 elementor-widget elementor-widget-heading\" data-id=\"39f6977\" data-element_type=\"widget\" data-e-type=\"widget\" data-widget_type=\"heading.default\">\n\t\t\t\t\t<h2 class=\"elementor-heading-title elementor-size-default\">Je\u017celi masz pytania lub potrzebujesz wyceny, skontaktuj si\u0119 z nami<\/h2>\t\t\t\t<\/div>\n\t\t\t\t<div class=\"elementor-element elementor-element-5f62702 elementor-widget elementor-widget-heading\" data-id=\"5f62702\" data-element_type=\"widget\" data-e-type=\"widget\" data-widget_type=\"heading.default\">\n\t\t\t\t\t<h2 class=\"elementor-heading-title elementor-size-default\"><div data-id=\"284a20e\" data-element_type=\"widget\" data-e-type=\"widget\" data-widget_type=\"text-editor.default\" style=\"--order: initial;--align-self: initial;align-self: auto;flex: 0 0 auto;align-items: normal;flex-flow: row;gap: 20px;--widgets-spacing: 20px 20px;--widgets-spacing-row: 20px;--widgets-spacing-column: 20px;--swiper-theme-color: #000;--swiper-navigation-size: 44px;--swiper-pagination-bullet-size: 6px;--swiper-pagination-bullet-horizontal-gap: 6px;font-family: Montserrat, sans-serif;font-weight: 500;--kit-widget-spacing: 0px;width: 100%;max-width: 100%;margin: 10px 0px 0px;--container-widget-width: 100%;--container-widget-flex-grow: 0;font-size: 40px;line-height: 44px\"><p style=\"font-size: 40px;margin-block-end: 0px\"><img loading=\"lazy\" decoding=\"async\" loading=\"lazy\" width=\"150\" height=\"150\" src=\"https:\/\/ekogrody.com.pl\/wp-content\/uploads\/2026\/03\/2-150x150.png\" alt=\"Logo firmy EKOgrody\" data-pagespeed-url-hash=\"3255421557\" style=\"font-size: 16px;font-style: inherit\"><\/p><\/div><div data-id=\"16160be\" data-element_type=\"widget\" data-e-type=\"widget\" data-widget_type=\"text-editor.default\" style=\"--order: initial;--align-self: initial;align-self: auto;flex: 0 0 auto;align-items: normal;flex-flow: row;gap: 20px;--widgets-spacing: 20px 20px;--widgets-spacing-row: 20px;--widgets-spacing-column: 20px;--swiper-theme-color: #000;--swiper-navigation-size: 44px;--swiper-pagination-bullet-size: 6px;--swiper-pagination-bullet-horizontal-gap: 6px;--kit-widget-spacing: 0px;width: 100%;max-width: 100%;--container-widget-width: 100%;--container-widget-flex-grow: 0;line-height: 30px\"><p style=\"font-family: Montserrat, sans-serif;font-size: 17px;font-weight: 400;margin-block-end: 0px\">poniedzia\u0142ek-pi\u0105tek: godz. 9-17<\/p><p style=\"font-family: Montserrat, sans-serif;font-size: 17px;margin-block-end: 0px\"><b>telefon: 600 939 229<\/b><\/p><p style=\"font-family: Montserrat, sans-serif;font-size: 17px;font-weight: 400;margin-block-end: 0px\">zapytania i wycena:<br>e-mail:&nbsp;<a href=\"mailto:kontakt@ekogrody.com.pl\">kontakt@ekogrody.com.pl<\/a><\/p><p style=\"font-family: Montserrat, sans-serif;font-size: 17px;font-weight: 400;margin-block-end: 0px\"><span style=\"font-weight: 700;font-style: inherit;letter-spacing: 0px\">&nbsp;<\/span><\/p><p style=\"font-family: Montserrat, sans-serif;font-size: 17px;font-weight: 400;margin-block-end: 0px\"><span style=\"font-weight: 700;font-style: inherit;letter-spacing: 0px\">EKOgrody<\/span><\/p><p style=\"font-family: Montserrat, sans-serif;font-size: 17px;font-weight: 400;margin-block-end: 0px\">Brudn\u00f3w Stary,&nbsp;99-205 Dalik\u00f3w, woj. \u0142\u00f3dzkie<br><\/p><p style=\"margin-block-end: 0px\"><span style=\"font-size: 17px\">Oferujemy us\u0142ugi na terenie \u0141odzi oraz wojew\u00f3dztwa \u0142\u00f3dzkiego, a w szczeg\u00f3lno\u015bci na terenie powiat\u00f3w: podd\u0119bicki, zgierski, \u0142\u0119czycki, uniejowski, \u0142aski, zdu\u0144skowolski, sieradzki oraz gmin: \u0141\u00f3d\u017a, Zgierz, Aleksandr\u00f3w \u0141\u00f3dzki, Konstantyn\u00f3w, Ozork\u00f3w, Dalik\u00f3w, Parz\u0119czew, Podd\u0119bice, Uniej\u00f3w, Wartkowice, \u0141\u0119czyca, \u015awinice Warckie, P\u0119czniew, Zadzim, Szadek, Wodzierady, Lutomiersk.<\/span><\/p><p style=\"margin-block-end: 0px\"><span style=\"font-size: 17px\"><br><\/span><\/p><\/div><\/h2>\t\t\t\t<\/div>\n\t\t\t\t<div class=\"elementor-element elementor-element-65e2e87 elementor-widget elementor-widget-wpforms\" data-id=\"65e2e87\" data-element_type=\"widget\" data-e-type=\"widget\" data-widget_type=\"wpforms.default\">\n\t\t\t\t<div class=\"elementor-widget-container\">\n\t\t\t\t\t<style id=\"wpforms-css-vars-elementor-widget-65e2e87\">\n\t\t\t\t.elementor-widget-wpforms.elementor-element-65e2e87 {\n\t\t\t\t--wpforms-page-break-color: #43A24A;\n--wpforms-label-size-font-size: 18px;\n--wpforms-label-size-line-height: 21px;\n--wpforms-label-size-sublabel-font-size: 16px;\n--wpforms-label-size-sublabel-line-height: 19px;\n\t\t\t}\n\t\t\t<\/style><div class=\"wpforms-container wpforms-container-full wpforms-render-modern\" id=\"wpforms-503\"><form id=\"wpforms-form-503\" class=\"wpforms-validate wpforms-form wpforms-ajax-form\" data-formid=\"503\" method=\"post\" enctype=\"multipart\/form-data\" action=\"\/index.php?rest_route=%2Fwp%2Fv2%2Fpages%2F119\" data-token=\"cfb444958e56bea48e2f112d1895342c\" data-token-time=\"1778674222\"><div class=\"wpforms-head-container\"><div class=\"wpforms-title\">Formularz kontaktowy<\/div><\/div><noscript class=\"wpforms-error-noscript\">Aby wype\u0142ni\u0107 ten formularz, w\u0142\u0105cz obs\u0142ug\u0119 JavaScript w przegl\u0105darce.<\/noscript><div id=\"wpforms-error-noscript\" style=\"display: none;\">Aby wype\u0142ni\u0107 ten formularz, w\u0142\u0105cz obs\u0142ug\u0119 JavaScript w przegl\u0105darce.<\/div><div class=\"wpforms-field-container\">\t\t<div id=\"wpforms-503-field_4-container\"\n\t\t\tclass=\"wpforms-field wpforms-field-text\"\n\t\t\tdata-field-type=\"text\"\n\t\t\tdata-field-id=\"4\"\n\t\t\t>\n\t\t\t<label class=\"wpforms-field-label\" for=\"wpforms-503-field_4\" >do lub i<\/label>\n\t\t\t<input type=\"text\" id=\"wpforms-503-field_4\" class=\"wpforms-field-medium\" name=\"wpforms[fields][4]\" >\n\t\t<\/div>\n\t\t<div id=\"wpforms-503-field_1-container\" class=\"wpforms-field wpforms-field-name\" data-field-id=\"1\"><label class=\"wpforms-field-label\" for=\"wpforms-503-field_1\">Imi\u0119 i nazwisko <span class=\"wpforms-required-label\" aria-hidden=\"true\">*<\/span><\/label><input type=\"text\" id=\"wpforms-503-field_1\" class=\"wpforms-field-medium wpforms-field-required\" name=\"wpforms[fields][1]\" aria-errormessage=\"wpforms-503-field_1-error\" required><\/div><div id=\"wpforms-503-field_2-container\" class=\"wpforms-field wpforms-field-email\" data-field-id=\"2\"><label class=\"wpforms-field-label\" for=\"wpforms-503-field_2\">Adres e-mail <span class=\"wpforms-required-label\" aria-hidden=\"true\">*<\/span><\/label><input type=\"email\" id=\"wpforms-503-field_2\" class=\"wpforms-field-medium wpforms-field-required\" name=\"wpforms[fields][2]\" spellcheck=\"false\" aria-errormessage=\"wpforms-503-field_2-error\" required><\/div><div id=\"wpforms-503-field_3-container\" class=\"wpforms-field wpforms-field-textarea\" data-field-id=\"3\"><label class=\"wpforms-field-label\" for=\"wpforms-503-field_3\">Twoje zapytanie lub wiadomo\u015b\u0107 do nas<\/label><textarea id=\"wpforms-503-field_3\" class=\"wpforms-field-medium\" name=\"wpforms[fields][3]\" aria-errormessage=\"wpforms-503-field_3-error\" ><\/textarea><\/div><script>\n\t\t\t\t( function() {\n\t\t\t\t\tconst style = document.createElement( 'style' );\n\t\t\t\t\tstyle.appendChild( document.createTextNode( '#wpforms-503-field_4-container { position: absolute !important; overflow: hidden !important; display: inline !important; height: 1px !important; width: 1px !important; z-index: -1000 !important; padding: 0 !important; } #wpforms-503-field_4-container input { visibility: hidden; } #wpforms-conversational-form-page #wpforms-503-field_4-container label { counter-increment: none; }' ) );\n\t\t\t\t\tdocument.head.appendChild( style );\n\t\t\t\t\tdocument.currentScript?.remove();\n\t\t\t\t} )();\n\t\t\t<\/script><\/div><!-- .wpforms-field-container --><div class=\"wpforms-submit-container\" ><input type=\"hidden\" name=\"wpforms[id]\" value=\"503\"><input type=\"hidden\" name=\"page_title\" value=\"\"><input type=\"hidden\" name=\"page_url\" value=\"https:\/\/ekogrody.com.pl\/index.php?rest_route=\/wp\/v2\/pages\/119\"><input type=\"hidden\" name=\"url_referer\" value=\"\"><button type=\"submit\" name=\"wpforms[submit]\" id=\"wpforms-submit-503\" class=\"wpforms-submit\" data-alt-text=\"Wysy\u0142anie...\" data-submit-text=\"Prze\u015blij\" aria-live=\"assertive\" value=\"wpforms-submit\">Prze\u015blij<\/button><img decoding=\"async\" src=\"https:\/\/ekogrody.com.pl\/wp-content\/plugins\/wpforms-lite\/assets\/images\/submit-spin.svg\" class=\"wpforms-submit-spinner\" style=\"display: none;\" width=\"26\" height=\"26\" alt=\"Wczytywanie\"><\/div><\/form><\/div>  <!-- .wpforms-container -->\t\t\t\t<\/div>\n\t\t\t\t<\/div>\n\t\t\t\t\t<\/div>\n\t\t\t\t<\/div>\n\t\t<div class=\"elementor-element elementor-element-3101d1f e-flex e-con-boxed e-con e-parent\" data-id=\"3101d1f\" data-element_type=\"container\" data-e-type=\"container\">\n\t\t\t\t\t<div class=\"e-con-inner\">\n\t\t\t\t<div class=\"elementor-element elementor-element-728b748 elementor-widget elementor-widget-image\" data-id=\"728b748\" data-element_type=\"widget\" data-e-type=\"widget\" data-widget_type=\"image.default\">\n\t\t\t\t\t\t\t\t\t\t\t\t\t\t\t<img fetchpriority=\"high\" decoding=\"async\" width=\"768\" height=\"107\" src=\"https:\/\/ekogrody.com.pl\/wp-content\/uploads\/2026\/03\/baner-poziom-768x107.png\" class=\"attachment-medium_large size-medium_large wp-image-576\" alt=\"Pasek z logotypami dofinansowania\" srcset=\"https:\/\/ekogrody.com.pl\/wp-content\/uploads\/2026\/03\/baner-poziom-768x107.png 768w, https:\/\/ekogrody.com.pl\/wp-content\/uploads\/2026\/03\/baner-poziom-300x42.png 300w, https:\/\/ekogrody.com.pl\/wp-content\/uploads\/2026\/03\/baner-poziom-1024x143.png 1024w, https:\/\/ekogrody.com.pl\/wp-content\/uploads\/2026\/03\/baner-poziom.png 1409w\" sizes=\"(max-width: 768px) 100vw, 768px\" \/>\t\t\t\t\t\t\t\t\t\t\t\t\t\t\t<\/div>\n\t\t\t\t\t<\/div>\n\t\t\t\t<\/div>\n\t\t\t\t<\/div>\n\t\t","protected":false},"excerpt":{"rendered":"<p>Je\u017celi masz pytania lub potrzebujesz wyceny, skontaktuj si\u0119 z nami poniedzia\u0142ek-pi\u0105tek: godz. 9-17 telefon: 600 939 229 zapytania i wycena:e-mail:&nbsp;kontakt@ekogrody.com.pl [&hellip;]<\/p>\n","protected":false},"author":1,"featured_media":0,"parent":3,"menu_order":0,"comment_status":"closed","ping_status":"closed","template":"","meta":{"site-sidebar-layout":"no-sidebar","site-content-layout":"","ast-site-content-layout":"full-width-container","site-content-style":"default","site-sidebar-style":"default","ast-global-header-display":"","ast-banner-title-visibility":"","ast-main-header-display":"","ast-hfb-above-header-display":"","ast-hfb-below-header-display":"","ast-hfb-mobile-header-display":"","site-post-title":"disabled","ast-breadcrumbs-content":"","ast-featured-img":"disabled","footer-sml-layout":"","ast-disable-related-posts":"","theme-transparent-header-meta":"","adv-header-id-meta":"","stick-header-meta":"","header-above-stick-meta":"","header-main-stick-meta":"","header-below-stick-meta":"","astra-migrate-meta-layouts":"default","ast-page-background-enabled":"default","ast-page-background-meta":{"desktop":{"background-color":"var(--ast-global-color-5)","background-image":"","background-repeat":"repeat","background-position":"center center","background-size":"auto","background-attachment":"scroll","background-type":"","background-media":"","overlay-type":"","overlay-color":"","overlay-opacity":"","overlay-gradient":""},"tablet":{"background-color":"","background-image":"","background-repeat":"repeat","background-position":"center center","background-size":"auto","background-attachment":"scroll","background-type":"","background-media":"","overlay-type":"","overlay-color":"","overlay-opacity":"","overlay-gradient":""},"mobile":{"background-color":"","background-image":"","background-repeat":"repeat","background-position":"center center","background-size":"auto","background-attachment":"scroll","background-type":"","background-media":"","overlay-type":"","overlay-color":"","overlay-opacity":"","overlay-gradient":""}},"ast-content-background-meta":{"desktop":{"background-color":"var(--ast-global-color-4)","background-image":"","background-repeat":"repeat","background-position":"center center","background-size":"auto","background-attachment":"scroll","background-type":"","background-media":"","overlay-type":"","overlay-color":"","overlay-opacity":"","overlay-gradient":""},"tablet":{"background-color":"var(--ast-global-color-4)","background-image":"","background-repeat":"repeat","background-position":"center center","background-size":"auto","background-attachment":"scroll","background-type":"","background-media":"","overlay-type":"","overlay-color":"","overlay-opacity":"","overlay-gradient":""},"mobile":{"background-color":"var(--ast-global-color-4)","background-image":"","background-repeat":"repeat","background-position":"center center","background-size":"auto","background-attachment":"scroll","background-type":"","background-media":"","overlay-type":"","overlay-color":"","overlay-opacity":"","overlay-gradient":""}},"footnotes":""},"class_list":["post-119","page","type-page","status-publish","hentry"],"_links":{"self":[{"href":"https:\/\/ekogrody.com.pl\/index.php?rest_route=\/wp\/v2\/pages\/119","targetHints":{"allow":["GET"]}}],"collection":[{"href":"https:\/\/ekogrody.com.pl\/index.php?rest_route=\/wp\/v2\/pages"}],"about":[{"href":"https:\/\/ekogrody.com.pl\/index.php?rest_route=\/wp\/v2\/types\/page"}],"author":[{"embeddable":true,"href":"https:\/\/ekogrody.com.pl\/index.php?rest_route=\/wp\/v2\/users\/1"}],"replies":[{"embeddable":true,"href":"https:\/\/ekogrody.com.pl\/index.php?rest_route=%2Fwp%2Fv2%2Fcomments&post=119"}],"version-history":[{"count":36,"href":"https:\/\/ekogrody.com.pl\/index.php?rest_route=\/wp\/v2\/pages\/119\/revisions"}],"predecessor-version":[{"id":598,"href":"https:\/\/ekogrody.com.pl\/index.php?rest_route=\/wp\/v2\/pages\/119\/revisions\/598"}],"up":[{"embeddable":true,"href":"https:\/\/ekogrody.com.pl\/index.php?rest_route=\/wp\/v2\/pages\/3"}],"wp:attachment":[{"href":"https:\/\/ekogrody.com.pl\/index.php?rest_route=%2Fwp%2Fv2%2Fmedia&parent=119"}],"curies":[{"name":"wp","href":"https:\/\/api.w.org\/{rel}","templated":true}]}}